{"id":27068,"date":"2021-11-17T17:53:28","date_gmt":"2021-11-17T16:53:28","guid":{"rendered":"https:\/\/prezentowesprawy.wsqn.pl\/?post_type=product&#038;p=27068"},"modified":"2021-11-17T17:53:28","modified_gmt":"2021-11-17T16:53:28","slug":"kubek-ceramiczny-240-ml-maly-inspirowany-seria-czas-zniw-koniec-maskarady","status":"publish","type":"product","link":"https:\/\/prezentowesprawy.wsqn.pl\/index.php\/produkt\/kubek-ceramiczny-240-ml-maly-inspirowany-seria-czas-zniw-koniec-maskarady\/","title":{"rendered":"Kubek ceramiczny 240 ml ma\u0142y inspirowany seri\u0105 Czas \u017cniw Koniec maskarady"},"content":{"rendered":"","protected":false},"excerpt":{"rendered":"","protected":false},"featured_media":27069,"comment_status":"open","ping_status":"closed","template":"","meta":[],"product_cat":[203],"product_tag":[],"class_list":["post-27068","product","type-product","status-publish","has-post-thumbnail","hentry","product_cat-dla-gadzeciarzy"],"_links":{"self":[{"href":"https:\/\/prezentowesprawy.wsqn.pl\/index.php\/wp-json\/wp\/v2\/product\/27068","targetHints":{"allow":["GET"]}}],"collection":[{"href":"https:\/\/prezentowesprawy.wsqn.pl\/index.php\/wp-json\/wp\/v2\/product"}],"about":[{"href":"https:\/\/prezentowesprawy.wsqn.pl\/index.php\/wp-json\/wp\/v2\/types\/product"}],"replies":[{"embeddable":true,"href":"https:\/\/prezentowesprawy.wsqn.pl\/index.php\/wp-json\/wp\/v2\/comments?post=27068"}],"wp:featuredmedia":[{"embeddable":true,"href":"https:\/\/prezentowesprawy.wsqn.pl\/index.php\/wp-json\/wp\/v2\/media\/27069"}],"wp:attachment":[{"href":"https:\/\/prezentowesprawy.wsqn.pl\/index.php\/wp-json\/wp\/v2\/media?parent=27068"}],"wp:term":[{"taxonomy":"product_cat","embeddable":true,"href":"https:\/\/prezentowesprawy.wsqn.pl\/index.php\/wp-json\/wp\/v2\/product_cat?post=27068"},{"taxonomy":"product_tag","embeddable":true,"href":"https:\/\/prezentowesprawy.wsqn.pl\/index.php\/wp-json\/wp\/v2\/product_tag?post=27068"}],"curies":[{"name":"wp","href":"https:\/\/api.w.org\/{rel}","templated":true}]}}