{"id":27060,"date":"2021-11-17T17:48:02","date_gmt":"2021-11-17T16:48:02","guid":{"rendered":"https:\/\/prezentowesprawy.wsqn.pl\/?post_type=product&#038;p=27060"},"modified":"2021-11-17T17:48:03","modified_gmt":"2021-11-17T16:48:03","slug":"duzy-worek-plecak-sciagany-z-dwoch-stron-koszykarski","status":"publish","type":"product","link":"https:\/\/prezentowesprawy.wsqn.pl\/index.php\/produkt\/duzy-worek-plecak-sciagany-z-dwoch-stron-koszykarski\/","title":{"rendered":"Du\u017cy worek plecak \u015bci\u0105gany z dw\u00f3ch stron koszykarski"},"content":{"rendered":"","protected":false},"excerpt":{"rendered":"","protected":false},"featured_media":27061,"comment_status":"open","ping_status":"closed","template":"","meta":[],"product_cat":[203],"product_tag":[],"class_list":["post-27060","product","type-product","status-publish","has-post-thumbnail","hentry","product_cat-dla-gadzeciarzy"],"_links":{"self":[{"href":"https:\/\/prezentowesprawy.wsqn.pl\/index.php\/wp-json\/wp\/v2\/product\/27060","targetHints":{"allow":["GET"]}}],"collection":[{"href":"https:\/\/prezentowesprawy.wsqn.pl\/index.php\/wp-json\/wp\/v2\/product"}],"about":[{"href":"https:\/\/prezentowesprawy.wsqn.pl\/index.php\/wp-json\/wp\/v2\/types\/product"}],"replies":[{"embeddable":true,"href":"https:\/\/prezentowesprawy.wsqn.pl\/index.php\/wp-json\/wp\/v2\/comments?post=27060"}],"wp:featuredmedia":[{"embeddable":true,"href":"https:\/\/prezentowesprawy.wsqn.pl\/index.php\/wp-json\/wp\/v2\/media\/27061"}],"wp:attachment":[{"href":"https:\/\/prezentowesprawy.wsqn.pl\/index.php\/wp-json\/wp\/v2\/media?parent=27060"}],"wp:term":[{"taxonomy":"product_cat","embeddable":true,"href":"https:\/\/prezentowesprawy.wsqn.pl\/index.php\/wp-json\/wp\/v2\/product_cat?post=27060"},{"taxonomy":"product_tag","embeddable":true,"href":"https:\/\/prezentowesprawy.wsqn.pl\/index.php\/wp-json\/wp\/v2\/product_tag?post=27060"}],"curies":[{"name":"wp","href":"https:\/\/api.w.org\/{rel}","templated":true}]}}