{"id":26918,"date":"2021-11-17T13:50:24","date_gmt":"2021-11-17T12:50:24","guid":{"rendered":"https:\/\/prezentowesprawy.wsqn.pl\/?post_type=product&#038;p=26918"},"modified":"2021-11-17T17:39:13","modified_gmt":"2021-11-17T16:39:13","slug":"wlodzimierz-szaranowicz-zycie-z-pasja-2","status":"publish","type":"product","link":"https:\/\/prezentowesprawy.wsqn.pl\/index.php\/produkt\/wlodzimierz-szaranowicz-zycie-z-pasja-2\/","title":{"rendered":"W\u0142odzimierz Szaranowicz. \u017bycie z pasj\u0105"},"content":{"rendered":"","protected":false},"excerpt":{"rendered":"","protected":false},"featured_media":26915,"comment_status":"open","ping_status":"closed","template":"","meta":[],"product_cat":[201],"product_tag":[],"class_list":["post-26918","product","type-product","status-publish","has-post-thumbnail","hentry","product_cat-dla-kibica"],"_links":{"self":[{"href":"https:\/\/prezentowesprawy.wsqn.pl\/index.php\/wp-json\/wp\/v2\/product\/26918","targetHints":{"allow":["GET"]}}],"collection":[{"href":"https:\/\/prezentowesprawy.wsqn.pl\/index.php\/wp-json\/wp\/v2\/product"}],"about":[{"href":"https:\/\/prezentowesprawy.wsqn.pl\/index.php\/wp-json\/wp\/v2\/types\/product"}],"replies":[{"embeddable":true,"href":"https:\/\/prezentowesprawy.wsqn.pl\/index.php\/wp-json\/wp\/v2\/comments?post=26918"}],"wp:featuredmedia":[{"embeddable":true,"href":"https:\/\/prezentowesprawy.wsqn.pl\/index.php\/wp-json\/wp\/v2\/media\/26915"}],"wp:attachment":[{"href":"https:\/\/prezentowesprawy.wsqn.pl\/index.php\/wp-json\/wp\/v2\/media?parent=26918"}],"wp:term":[{"taxonomy":"product_cat","embeddable":true,"href":"https:\/\/prezentowesprawy.wsqn.pl\/index.php\/wp-json\/wp\/v2\/product_cat?post=26918"},{"taxonomy":"product_tag","embeddable":true,"href":"https:\/\/prezentowesprawy.wsqn.pl\/index.php\/wp-json\/wp\/v2\/product_tag?post=26918"}],"curies":[{"name":"wp","href":"https:\/\/api.w.org\/{rel}","templated":true}]}}