{"id":26858,"date":"2021-11-17T11:17:46","date_gmt":"2021-11-17T10:17:46","guid":{"rendered":"https:\/\/prezentowesprawy.wsqn.pl\/?post_type=product&#038;p=26858"},"modified":"2021-11-17T17:09:24","modified_gmt":"2021-11-17T16:09:24","slug":"1312-incognito-wsrod-najbardziej-fanatycznych-kibicow-na-swiecie","status":"publish","type":"product","link":"https:\/\/prezentowesprawy.wsqn.pl\/index.php\/produkt\/1312-incognito-wsrod-najbardziej-fanatycznych-kibicow-na-swiecie\/","title":{"rendered":"1312. Incognito w\u015br\u00f3d najbardziej fanatycznych kibic\u00f3w na \u015bwiecie"},"content":{"rendered":"","protected":false},"excerpt":{"rendered":"","protected":false},"featured_media":26839,"comment_status":"open","ping_status":"closed","template":"","meta":[],"product_cat":[199,198],"product_tag":[],"class_list":["post-26858","product","type-product","status-publish","has-post-thumbnail","hentry","product_cat-dla-milosnikow-reportazy","product_cat-dla-niego"],"_links":{"self":[{"href":"https:\/\/prezentowesprawy.wsqn.pl\/index.php\/wp-json\/wp\/v2\/product\/26858","targetHints":{"allow":["GET"]}}],"collection":[{"href":"https:\/\/prezentowesprawy.wsqn.pl\/index.php\/wp-json\/wp\/v2\/product"}],"about":[{"href":"https:\/\/prezentowesprawy.wsqn.pl\/index.php\/wp-json\/wp\/v2\/types\/product"}],"replies":[{"embeddable":true,"href":"https:\/\/prezentowesprawy.wsqn.pl\/index.php\/wp-json\/wp\/v2\/comments?post=26858"}],"wp:featuredmedia":[{"embeddable":true,"href":"https:\/\/prezentowesprawy.wsqn.pl\/index.php\/wp-json\/wp\/v2\/media\/26839"}],"wp:attachment":[{"href":"https:\/\/prezentowesprawy.wsqn.pl\/index.php\/wp-json\/wp\/v2\/media?parent=26858"}],"wp:term":[{"taxonomy":"product_cat","embeddable":true,"href":"https:\/\/prezentowesprawy.wsqn.pl\/index.php\/wp-json\/wp\/v2\/product_cat?post=26858"},{"taxonomy":"product_tag","embeddable":true,"href":"https:\/\/prezentowesprawy.wsqn.pl\/index.php\/wp-json\/wp\/v2\/product_tag?post=26858"}],"curies":[{"name":"wp","href":"https:\/\/api.w.org\/{rel}","templated":true}]}}