{"id":26770,"date":"2021-11-15T16:33:42","date_gmt":"2021-11-15T15:33:42","guid":{"rendered":"https:\/\/prezentowesprawy.wsqn.pl\/?post_type=product&#038;p=26770"},"modified":"2021-11-17T17:52:27","modified_gmt":"2021-11-17T16:52:27","slug":"bookbox-chor-switu-czas-zniw-tom-35","status":"publish","type":"product","link":"https:\/\/prezentowesprawy.wsqn.pl\/index.php\/produkt\/bookbox-chor-switu-czas-zniw-tom-35\/","title":{"rendered":"Bookbox: Ch\u00f3r \u015bwitu. Czas \u017bniw. Tom 3,5"},"content":{"rendered":"","protected":false},"excerpt":{"rendered":"","protected":false},"featured_media":26771,"comment_status":"open","ping_status":"closed","template":"","meta":[],"product_cat":[203],"product_tag":[],"class_list":["post-26770","product","type-product","status-publish","has-post-thumbnail","hentry","product_cat-dla-gadzeciarzy"],"_links":{"self":[{"href":"https:\/\/prezentowesprawy.wsqn.pl\/index.php\/wp-json\/wp\/v2\/product\/26770","targetHints":{"allow":["GET"]}}],"collection":[{"href":"https:\/\/prezentowesprawy.wsqn.pl\/index.php\/wp-json\/wp\/v2\/product"}],"about":[{"href":"https:\/\/prezentowesprawy.wsqn.pl\/index.php\/wp-json\/wp\/v2\/types\/product"}],"replies":[{"embeddable":true,"href":"https:\/\/prezentowesprawy.wsqn.pl\/index.php\/wp-json\/wp\/v2\/comments?post=26770"}],"wp:featuredmedia":[{"embeddable":true,"href":"https:\/\/prezentowesprawy.wsqn.pl\/index.php\/wp-json\/wp\/v2\/media\/26771"}],"wp:attachment":[{"href":"https:\/\/prezentowesprawy.wsqn.pl\/index.php\/wp-json\/wp\/v2\/media?parent=26770"}],"wp:term":[{"taxonomy":"product_cat","embeddable":true,"href":"https:\/\/prezentowesprawy.wsqn.pl\/index.php\/wp-json\/wp\/v2\/product_cat?post=26770"},{"taxonomy":"product_tag","embeddable":true,"href":"https:\/\/prezentowesprawy.wsqn.pl\/index.php\/wp-json\/wp\/v2\/product_tag?post=26770"}],"curies":[{"name":"wp","href":"https:\/\/api.w.org\/{rel}","templated":true}]}}